{"id":100,"date":"2020-06-12T10:50:14","date_gmt":"2020-06-12T08:50:14","guid":{"rendered":"http:\/\/www.gregtrans.net\/?page_id=100"},"modified":"2021-04-06T07:39:31","modified_gmt":"2021-04-06T05:39:31","slug":"o-nas","status":"publish","type":"page","link":"https:\/\/www.gregtrans.net\/index.php\/o-nas\/","title":{"rendered":"O Nas"},"content":{"rendered":"\n<p>Jeste\u015bmy rodzinn\u0105 firm\u0105 transportow\u0105. Transportem zajmujemy si\u0119 od 2000 roku. <\/p>\n\n\n\n<p>w 2021 roku jednoosobowa dzia\u0142alno\u015b\u0107 zosta\u0142a przekszta\u0142cona w sp\u00f3\u0142k\u0119 z ograniczon\u0105 odpowiedzialno\u015bci\u0105<\/p>\n\n\n\n<p>Posiadamy m\u0142ody i ekologiczny tabor &#8211; ci\u0105gniki siod\u0142owe EURO 6 z naczepami firankami o \u0142adowno\u015bci 25 ton.  Maksymalne rozmiary przewo\u017conych towar\u00f3w to: d\u0142ugo\u015b\u0107 13,65 m, szeroko\u015b\u0107 2,5 m, wysoko\u015b\u0107 3 m.  <\/p>\n\n\n\n<p>Posiadamy zezwolenia na przew\u00f3z odpad\u00f3w na terenie Europy.<\/p>\n\n\n\n<p>Mo\u017cemy przewozi\u0107 \u0142adunki ADR.<\/p>\n\n\n\n<p>Wszystkie samochody s\u0105 wyposa\u017cone w monitoring GPS.<\/p>\n\n\n\n<p>Posiadamy ubezpieczenie odpowiedzialno\u015bci cywilnej przewo\u017anika w transporcie mi\u0119dzynarodowym i krajowym. <\/p>\n\n\n\n<p>Ka\u017cdy z pojazd\u00f3w dysponuje minimum: <\/p>\n\n\n\n<ul class=\"wp-block-list\"><li> 12 szt. pas\u00f3w o d\u0142ugo\u015bci 8 m i wytrzyma\u0142o\u015bci 500 daN.  <\/li><li>24 plastikowe naro\u017cniki<\/li><li>2 belki do zabezpieczenia \u0142adunku z przodu\/ty\u0142u (tak zwane stop bar)<\/li><li>komplet mat antypo\u015blizgowych<\/li><\/ul>\n\n\n\n<p>\u015awiadczymy us\u0142ugi transportowe na terenie ca\u0142ej Europy, jednak g\u0142\u00f3wnym obs\u0142ugiwanym przez nas kierunkiem, s\u0105 trasy Polska -Wielka Brytania.<\/p>\n\n\n\n<p>Zawsze wykonujemy profesjonalnie swoje us\u0142ugi i z najwy\u017csz\u0105 staranno\u015bci\u0105 dbamy o powierzony towar. Najwa\u017cniejsze jest dla nas bezpiecze\u0144stwo i terminowo\u015b\u0107 wykonania us\u0142ugi.<\/p>\n\n\n\n<p> <\/p>\n","protected":false},"excerpt":{"rendered":"<p>Jeste\u015bmy rodzinn\u0105 firm\u0105 transportow\u0105. Transportem zajmujemy si\u0119 od 2000 roku. w 2021 roku jednoosobowa dzia\u0142alno\u015b\u0107 zosta\u0142a przekszta\u0142cona w sp\u00f3\u0142k\u0119 z ograniczon\u0105 odpowiedzialno\u015bci\u0105 Posiadamy m\u0142ody i ekologiczny tabor &#8211; ci\u0105gniki siod\u0142owe EURO 6 z naczepami firankami o \u0142adowno\u015bci 25 ton. Maksymalne rozmiary przewo\u017conych towar\u00f3w to: d\u0142ugo\u015b\u0107 13,65 m, szeroko\u015b\u0107 2,5 m, wysoko\u015b\u0107 3 m. Posiadamy zezwolenia &hellip; <\/p>\n<p class=\"link-more\"><a href=\"https:\/\/www.gregtrans.net\/index.php\/o-nas\/\" class=\"more-link\">Czytaj dalej<span class=\"screen-reader-text\"> \u201eO Nas\u201d<\/span><\/a><\/p>\n","protected":false},"author":1,"featured_media":0,"parent":0,"menu_order":0,"comment_status":"closed","ping_status":"closed","template":"","meta":{"footnotes":""},"class_list":["post-100","page","type-page","status-publish","hentry"],"_links":{"self":[{"href":"https:\/\/www.gregtrans.net\/index.php\/wp-json\/wp\/v2\/pages\/100","targetHints":{"allow":["GET"]}}],"collection":[{"href":"https:\/\/www.gregtrans.net\/index.php\/wp-json\/wp\/v2\/pages"}],"about":[{"href":"https:\/\/www.gregtrans.net\/index.php\/wp-json\/wp\/v2\/types\/page"}],"author":[{"embeddable":true,"href":"https:\/\/www.gregtrans.net\/index.php\/wp-json\/wp\/v2\/users\/1"}],"replies":[{"embeddable":true,"href":"https:\/\/www.gregtrans.net\/index.php\/wp-json\/wp\/v2\/comments?post=100"}],"version-history":[{"count":5,"href":"https:\/\/www.gregtrans.net\/index.php\/wp-json\/wp\/v2\/pages\/100\/revisions"}],"predecessor-version":[{"id":130,"href":"https:\/\/www.gregtrans.net\/index.php\/wp-json\/wp\/v2\/pages\/100\/revisions\/130"}],"wp:attachment":[{"href":"https:\/\/www.gregtrans.net\/index.php\/wp-json\/wp\/v2\/media?parent=100"}],"curies":[{"name":"wp","href":"https:\/\/api.w.org\/{rel}","templated":true}]}}