{"id":103,"date":"2020-06-12T10:53:33","date_gmt":"2020-06-12T08:53:33","guid":{"rendered":"http:\/\/www.gregtrans.net\/?page_id=103"},"modified":"2024-04-07T14:36:50","modified_gmt":"2024-04-07T12:36:50","slug":"warunki-swiadczenia-uslug","status":"publish","type":"page","link":"https:\/\/www.gregtrans.net\/index.php\/warunki-swiadczenia-uslug\/","title":{"rendered":"Warunki \u015bwiadczenia us\u0142ug"},"content":{"rendered":"\n<ol class=\"wp-block-list\" style=\"list-style-type:1\">\n<li>Wszelkie us\u0142ugi przewozowe \u015bwiadczymy w oparciu o przepisy konwencji CMR.<\/li>\n\n\n\n<li>Za za\u0142adowanie i prawid\u0142owe pakowanie (gwarantuj\u0105ce nie uszkodzenie towaru, oraz umo\u017cliwiaj\u0105ce jego zamocowanie i rozmieszczenie na samochodzie zgodne z przepisami) odpowiada za\u0142adowca.<\/li>\n\n\n\n<li>Kierowca asystuje i mocuje towar na samochodzie ( przy \u0142adunkach nietypowych zgodnie z instrukcjami i na odpowiedzialno\u015b\u0107 za\u0142adowcy ).<\/li>\n\n\n\n<li>Roz\u0142adunek towaru nale\u017cy do obowi\u0105zk\u00f3w odbiorcy towaru.<\/li>\n\n\n\n<li>Czas na za\u0142adunek\/roz\u0142adunek\/odpraw\u0119 celn\u0105 od momentu podstawienia samochodu wynosi 4 godziny. W przypadku zlece\u0144 z terminem FIX oraz ustalonymi dok\u0142adnie godzinami za\u0142adunku\/roz\u0142adunku czas na za\u0142adunek i roz\u0142adunek wynosi 2 godziny. Kara umowna za nieterminowy za\u0142adunek\/ roz\u0142adunek 30 EUR za ka\u017cd\u0105 godzin\u0119 z ograniczeniem do 300 EUR za dob\u0119. O ile samoch\u00f3d dotar\u0142 na miejsce za\u0142adunku\/roz\u0142adunku 3 godz. przed zako\u0144czeniem pracy, a w przypadku godzinowego wyznaczenia operacji zgodnie ze zleceniem, przest\u00f3j b\u0119dzie naliczany za wszystkie kolejne dni wraz ze \u015bwi\u0119tami i dniami wolnymi. W przypadku przestoju wymagaj\u0105cego poniesienia dodatkowych koszt\u00f3w (np. parkingi, winiety itp.) zastrzegamy sobie prawo do obci\u0105\u017cenia odpowiedzialnego za przest\u00f3j ca\u0142kowit\u0105 kwot\u0105 udokumentowanych koszt\u00f3w kt\u00f3ra mo\u017ce by\u0107 wy\u017csza ni\u017c standardowe 300 EUR za dob\u0119.<\/li>\n\n\n\n<li>W przypadku przed\u0142u\u017cenia czasu na za\u0142adunek\/roz\u0142adunek ponad wskazany w punkcie 5, zastrzegamy sobie prawo do obci\u0105\u017cenia zleceniodawcy wszelkimi kosztami dodatkowymi spowodowanymi op\u00f3\u017anieniem, a w szczeg\u00f3lno\u015bci karami za niepodj\u0119cie w terminie kolejnych \u0142adunk\u00f3w i kosztami utraconych przychod\u00f3w.<\/li>\n\n\n\n<li>Wszelkie postoje i oczekiwanie na za\u0142adunek\/roz\u0142adunek mog\u0105 by\u0107 potwierdzane przez wydruk z urz\u0105dzenia GPS zainstalowanego w samochodzie, lub na podstawie informacji wys\u0142anych do zleceniodawcy.<\/li>\n\n\n\n<li>Op\u00f3\u017anienia na za\u0142adunku z winy za\u0142adowcy \/ zleceniodawcy powoduj\u0105 anulowanie konieczno\u015bci dostarczenia towaru w pierwotnie wskazanym terminie. Gdy op\u00f3\u017anienie to spowoduje brak mo\u017cliwo\u015bci dostarczenia towaru w wyznaczonym terminie nale\u017cy uzgodni\u0107 nowy terminu dostawy, przy za\u0142o\u017ceniu \u017ce b\u0119dzie to nie p\u00f3\u017aniej ni\u017c 12 godzin od mo\u017cliwego terminu dojazdu wskazanego przez przewo\u017anika. Je\u015bli z przyczyn le\u017c\u0105cych po stronie odbiorcy\/zleceniodawcy nie uda si\u0119 ustali\u0107 terminu roz\u0142adunku zgodnie z powy\u017cszym, przewo\u017anik ma prawo naliczy\u0107 kar\u0119 w wysoko\u015bci 30 EUR za ka\u017cd\u0105 godzin\u0119 z ograniczeniem do 300 EUR za dob\u0119, oraz ewentualne koszty dodatkowe w celu dostarczenia towaru w konkretnym terminie.<\/li>\n\n\n\n<li>Nie akceptujemy klauzul specjalnego interesu w dostawie powoduj\u0105cej rozszerzenie odpowiedzialno\u015bci GREGTRANS Grzegorz Pawelczyk za op\u00f3\u017anienia w dostawie. Maksymalne obci\u0105\u017cenie\u00a0 kar\u0105 GREGTRANS Grzegorz Pawelczyk za op\u00f3\u017anienie w dostawie wynosi 500 EUR. Nie ponosimy odpowiedzialno\u015bci za op\u00f3\u017anienie i uszkodzenie towaru w wyniku si\u0142y wy\u017cszej, zamieszek, strajk\u00f3w itp. na kt\u00f3re nie mamy bezpo\u015bredniego wp\u0142ywu.<\/li>\n\n\n\n<li>W przypadku anulowania zlecenia p\u00f3\u017aniej ni\u017c 24h przed planowanym za\u0142adunkiem (do tych 24h nie wliczamy dni wolnych i \u015bwi\u0105tecznych) mamy prawo obci\u0105\u017cy\u0107 zleceniodawc\u0119 kar\u0105 w wysoko\u015bci 300 EUR. Anulowanie zlecenia po wys\u0142aniu samochodu na za\u0142adunek, Kara 300 EUR plus koszt 0,8 EUR za ka\u017cdy dodatkowo zrobiony km. W przypadku \u0142adunk\u00f3w cz\u0119\u015bciowych kara za anulowanie mo\u017ce by\u0107 powi\u0119kszona do wysoko\u015bci uzgodnionego frachtu \u2013 w przypadku nie znalezienia innego \u0142adunku i konieczno\u015bci terminowej dostawy innych.<\/li>\n\n\n\n<li>Anulowanie\/odmowa wykonania us\u0142ugi na 24h lub wi\u0119cej przed planowanym za\u0142adunkiem przez GREGTRANS Grzegorz Pawelczyk nie powoduje powstania zobowi\u0105zania i mo\u017cliwo\u015bci nak\u0142adania jakichkolwiek kar na GREGTRANS. W pozosta\u0142ych przypadkach maksymalna kara za niepodj\u0119cie \u0142adunku wynosi 300 EUR.<\/li>\n\n\n\n<li>W przypadku op\u00f3\u017anienia za\u0142adunku (przestoju na za\u0142adunku) zastrzegamy sobie prawo do odst\u0105pienia od umowy przewozu i zabrania samochodu z miejsca za\u0142adunku, ponadto mo\u017cemy obci\u0105\u017cy\u0107 zleceniodawc\u0119 zgodnie z punktem 5 i 10 niniejszych warunk\u00f3w.<\/li>\n\n\n\n<li>W przypadku przestoju na roz\u0142adunku i odmowie przyj\u0119cia towaru w um\u00f3wionym terminie zastrzegamy sobie prawo do roz\u0142adunku towaru na innym magazynie na koszt zleceniodawcy zgodnie z konwencj\u0105 CMR.<\/li>\n\n\n\n<li>Czas na odpraw\u0119 i za\u0142atwienie formalno\u015bci celnych wynosi 4 h. Powy\u017cej tego b\u0119dziemy nalicza\u0107 op\u0142aty przestojowe zgodnie ze stawkami za przest\u00f3j pkt. 5<\/li>\n\n\n\n<li>Zastrzegamy sobie prawo do dodatkowego wynagrodzenia z tytu\u0142u zmiany miejsca przeznaczenia przez zleceniodawc\u0119 w trakcie realizacji przewozu. To wynagrodzenie musi by\u0107 indywidualnie uzgodnione i nie mo\u017ce wynosi\u0107 mniej ni\u017c 1 EUR za ka\u017cdy dodatkowy km plus koszty dodatkowych op\u0142at drogowych i innych kt\u00f3re si\u0119 wi\u0105\u017c\u0105 ze zmian\u0105 miejsca przeznaczenia.<\/li>\n\n\n\n<li>Odpowiadamy za szkody w przewo\u017conym towarze do warto\u015bci wskazanej w konwencji CMR, w przypadku wi\u0119kszej warto\u015bci towaru, jego ubezpieczenie jest w gestii zleceniodawcy \/ za\u0142adowcy.<\/li>\n\n\n\n<li>Nie ponosimy odpowiedzialno\u015bci za braki pojedyncze sztuki towaru spakowanego w palety, czy pojemniki zapakowane i zabezpieczone (np. zafoliowane) przez za\u0142adowc\u0119 o ile nie ma uszkodze\u0144 zewn\u0119trznego opakowania. Kierowca odpowiada za liczb\u0119 przyj\u0119cie i zdanie zbiorczych opakowa\u0144 (palet, pojemnik\u00f3w) a nie za ich zawarto\u015b\u0107.<\/li>\n\n\n\n<li>W przypadku niewykorzystania przez za\u0142adowc\u0119 uzgodnionej przestrzeni \u0142adunkowej\/\u0142adowno\u015bci samochodu, po zako\u0144czeniu za\u0142adunku, mo\u017cemy swobodnie dysponowa\u0107 pozosta\u0142\u0105 woln\u0105 przestrzeni\u0105 z nale\u017cyt\u0105 staranno\u015bci\u0105 dbaj\u0105c o nie uszkodzenie przewo\u017conego towaru.<\/li>\n\n\n\n<li>Nie ponosimy odpowiedzialno\u015bci za op\u00f3\u017anienia i uszkodze\u0144 towaru w przypadku: si\u0142y wy\u017cszej, gwa\u0142townych zjawisk pogodowych, zamieszek, strajk\u00f3w, blokad dr\u00f3g i nieprzewidzianych dzia\u0142a\u0144 s\u0142u\u017cb.<\/li>\n\n\n\n<li>Nie rozliczamy palet (kwit\u00f3w paletowych itp.) i innych opakowa\u0144 zwrotnych \u2013 poza przypadkami gdzie wyra\u017anie takowe zosta\u0142o uzgodnione w trakcie przyjmowania zlecenia.<\/li>\n\n\n\n<li>Nie odpowiadamy za dokumenty kt\u00f3re nie s\u0105 wpisane w CMR.<\/li>\n\n\n\n<li>W przypadku koniecznych, lub \u017c\u0105danych przez za\u0142adowc\u0119 specjalnych materia\u0142\u00f3w (innych ni\u017c 12 szt. pas\u00f3w transportowych 500daN, 24 naro\u017cnik\u00f3w plastikowych pod pasy, maty antypo\u015blizgowe czarne, deski poprzeczne 2szt) do zabezpieczenia \u0142adunku, koszty ich zapewnienia ponosi zleceniodawca.<\/li>\n\n\n\n<li>W przypadku nieuregulowania zobowi\u0105zania przez zleceniodawc\u0119, lub podejrzenia \u017ce takowe nast\u0105pi, mo\u017cemy podejmowa\u0107 wszelkie dzia\u0142ania d\u0105\u017c\u0105ce do uregulowania zobowi\u0105zania (windykacja, sprzeda\u017c d\u0142ugu, cesja, zaj\u0119cie transportowanego towaru).<\/li>\n\n\n\n<li>W przypadku wyst\u0105pienia szkody, zleceniodawca nie ma prawa potr\u0105ca\u0107, lub wstrzymywa\u0107 p\u0142atno\u015bci za zobowi\u0105zania inne ni\u017c dotycz\u0105ce us\u0142ugi, przy realizacji kt\u00f3rej&nbsp; wyst\u0105pi\u0142a szkoda<\/li>\n\n\n\n<li>Podstaw\u0105 do \u017c\u0105dania zap\u0142aty jest wykonanie us\u0142ugi potwierdzone listem przewozowym, wraz z faktur\u0105 za transport dostarczonymi poczt\u0105, emailem lub przez kierowc\u0119) do zleceniodawcy.<\/li>\n\n\n\n<li>Czas na wys\u0142anie dokument\u00f3w transportowych poczt\u0105 (licz si\u0119 data nadania przesy\u0142ki priorytetowej) wynosi 7 dni roboczych od daty powrotu samochodu wykonuj\u0105cego us\u0142ug\u0119 na baz\u0119 w Ma\u0142\u0119czynie. Wys\u0142anie dokument\u00f3w w tym terminie powoduje niewa\u017cno\u015b\u0107 wszelkich zapis\u00f3w wyd\u0142u\u017caj\u0105cych termin p\u0142atno\u015bci, lub nak\u0142adaj\u0105cych kary.<\/li>\n\n\n\n<li>Wszelkie zapisy w zleceniu niezgodne z powy\u017cszymi warunkami oraz konwencj\u0105 CMR s\u0105 nieakceptowane i niewi\u0105\u017c\u0105ce.<\/li>\n\n\n\n<li>Deklaracja warto\u015bci zgodnie z Artku\u0142em 24 konwencji CMR, oraz deklaracja specjalnego interesu zgodnie z Artyku\u0142em 26, aby by\u0142y skuteczne musz\u0105 by\u0107 przedstawione w momencie uzgadniania zlecenia i musi by\u0107 wyra\u017anie wyra\u017cona na nie nasza zgoda. W innym przypadku nie wyra\u017camy zgody na ich stosowanie i owe deklaracje s\u0105 bezskuteczne.<\/li>\n\n\n\n<li>W przypadku wyst\u0105pienia szkody odbiorca towaru ma obowi\u0105zek wraz z kierowc\u0105 sporz\u0105dzi\u0107 protok\u00f3\u0142 szkody i dokumentacj\u0119 fotograficzn\u0105, oraz jeden egzemplarz protoko\u0142u z podpisami odbiorcy i kierowcy odda\u0107 kierowcy. Zaniedbanie tego obowi\u0105zku i odm\u00f3wienie wyp\u0142aty odszkodowania przez ubezpieczyciela z tego powodu skutkuje zwolnieniem GREG TRANS Sp\u00f3\u0142ka z Ograniczon\u0105 Odpowiedzialno\u015bci\u0105. z&nbsp;odpowiedzialno\u015bci za szkod\u0119.<\/li>\n\n\n\n<li>W przypadku spor\u00f3w wszelkie kwestie sporne b\u0119d\u0105 rozpatrywane w s\u0105dzie w\u0142a\u015bciwym dla siedziby GREG TRANS Sp\u00f3\u0142ka z Ograniczon\u0105 Odpowiedzialno\u015bci\u0105.<\/li>\n<\/ol>\n","protected":false},"excerpt":{"rendered":"","protected":false},"author":1,"featured_media":0,"parent":0,"menu_order":0,"comment_status":"closed","ping_status":"closed","template":"","meta":{"footnotes":""},"class_list":["post-103","page","type-page","status-publish","hentry"],"_links":{"self":[{"href":"https:\/\/www.gregtrans.net\/index.php\/wp-json\/wp\/v2\/pages\/103","targetHints":{"allow":["GET"]}}],"collection":[{"href":"https:\/\/www.gregtrans.net\/index.php\/wp-json\/wp\/v2\/pages"}],"about":[{"href":"https:\/\/www.gregtrans.net\/index.php\/wp-json\/wp\/v2\/types\/page"}],"author":[{"embeddable":true,"href":"https:\/\/www.gregtrans.net\/index.php\/wp-json\/wp\/v2\/users\/1"}],"replies":[{"embeddable":true,"href":"https:\/\/www.gregtrans.net\/index.php\/wp-json\/wp\/v2\/comments?post=103"}],"version-history":[{"count":7,"href":"https:\/\/www.gregtrans.net\/index.php\/wp-json\/wp\/v2\/pages\/103\/revisions"}],"predecessor-version":[{"id":142,"href":"https:\/\/www.gregtrans.net\/index.php\/wp-json\/wp\/v2\/pages\/103\/revisions\/142"}],"wp:attachment":[{"href":"https:\/\/www.gregtrans.net\/index.php\/wp-json\/wp\/v2\/media?parent=103"}],"curies":[{"name":"wp","href":"https:\/\/api.w.org\/{rel}","templated":true}]}}